{"id":26553,"date":"2018-06-19T13:17:30","date_gmt":"2018-06-19T13:17:30","guid":{"rendered":"https:\/\/eohotels.es\/jobs\/"},"modified":"2019-05-10T17:11:57","modified_gmt":"2019-05-10T17:11:57","slug":"jobs","status":"publish","type":"page","link":"https:\/\/eohotels.es\/en\/jobs\/","title":{"rendered":"Jobs"},"content":{"rendered":"<p>[et_pb_section fb_built=&#8221;1&#8243; _builder_version=&#8221;3.22.7&#8243; locked=&#8221;off&#8221;][et_pb_row _builder_version=&#8221;3.22.7&#8243;][et_pb_column type=&#8221;4_4&#8243; _builder_version=&#8221;3.22.7&#8243;][et_pb_text _builder_version=&#8221;3.22.7&#8243;]<\/p>\n<h3>Work with us.<\/h3>\n<p><span>If you want to be part of this project and join the e\u00f3 Hotels team, send us your CV.<\/span><\/p>\n<p>[\/et_pb_text][\/et_pb_column][\/et_pb_row][et_pb_row _builder_version=&#8221;3.22.7&#8243;][et_pb_column type=&#8221;3_5&#8243; _builder_version=&#8221;3.22.7&#8243;][et_pb_text _builder_version=&#8221;3.22.7&#8243;]<\/p>\n\n<div class=\"wpcf7 no-js\" id=\"wpcf7-f27596-o1\" lang=\"es-ES\" dir=\"ltr\" data-wpcf7-id=\"27596\">\n<div class=\"screen-reader-response\"><p role=\"status\" aria-live=\"polite\" aria-atomic=\"true\"><\/p> <ul><\/ul><\/div>\n<form action=\"\/en\/wp-json\/wp\/v2\/pages\/26553#wpcf7-f27596-o1\" method=\"post\" class=\"wpcf7-form init\" aria-label=\"Formulario de contacto\" enctype=\"multipart\/form-data\" novalidate=\"novalidate\" data-status=\"init\">\n<fieldset class=\"hidden-fields-container\"><input type=\"hidden\" name=\"_wpcf7\" value=\"27596\" \/><input type=\"hidden\" name=\"_wpcf7_version\" value=\"6.1.5\" \/><input type=\"hidden\" name=\"_wpcf7_locale\" value=\"es_ES\" \/><input type=\"hidden\" name=\"_wpcf7_unit_tag\" value=\"wpcf7-f27596-o1\" \/><input type=\"hidden\" name=\"_wpcf7_container_post\" value=\"0\" \/><input type=\"hidden\" name=\"_wpcf7_posted_data_hash\" value=\"\" \/>\n<\/fieldset>\n<div class=\"et_pb_contact\">\n\t<div class=\"et_pb_contact_form\">\n\t\t<p class=\"et_pb_contact_field et_pb_contact_field_half\"><span class=\"wpcf7-form-control-wrap\" data-name=\"Nombre\"><input size=\"40\" maxlength=\"400\" class=\"wpcf7-form-control wpcf7-text wpcf7-validates-as-required\" aria-required=\"true\" aria-invalid=\"false\" placeholder=\"NOMBRE*\" value=\"\" type=\"text\" name=\"Nombre\" \/><\/span>\n\t\t<\/p>\n\t\t<p class=\"et_pb_contact_field et_pb_contact_field_half et_pb_contact_field_last\"><span class=\"wpcf7-form-control-wrap\" data-name=\"Apellidos\"><input size=\"40\" maxlength=\"400\" class=\"wpcf7-form-control wpcf7-text\" aria-invalid=\"false\" placeholder=\"APELLIDOS\" value=\"\" type=\"text\" name=\"Apellidos\" \/><\/span>\n\t\t<\/p>\n\t\t<p class=\"et_pb_contact_field et_pb_contact_field_half\"><span class=\"wpcf7-form-control-wrap\" data-name=\"email\"><input size=\"40\" maxlength=\"400\" class=\"wpcf7-form-control wpcf7-email wpcf7-validates-as-required wpcf7-text wpcf7-validates-as-email\" aria-required=\"true\" aria-invalid=\"false\" placeholder=\"CORREO ELECTR\u00d3NICO*\" value=\"\" type=\"email\" name=\"email\" \/><\/span>\n\t\t<\/p>\n\t\t<p class=\"et_pb_contact_field et_pb_contact_field_half et_pb_contact_field_last\"><span class=\"wpcf7-form-control-wrap\" data-name=\"tel\"><input size=\"40\" maxlength=\"400\" class=\"wpcf7-form-control wpcf7-tel wpcf7-validates-as-required wpcf7-text wpcf7-validates-as-tel\" aria-required=\"true\" aria-invalid=\"false\" placeholder=\"TEL\u00c9FONO*\" value=\"\" type=\"tel\" name=\"tel\" \/><\/span>\n\t\t<\/p>\n\t\t<p class=\"et_pb_contact_field et_pb_contact_field_last\"><span class=\"wpcf7-form-control-wrap\" data-name=\"mensaje\"><textarea cols=\"40\" rows=\"10\" maxlength=\"2000\" class=\"wpcf7-form-control wpcf7-textarea wpcf7-validates-as-required\" aria-required=\"true\" aria-invalid=\"false\" placeholder=\"MENSAJE*\" name=\"mensaje\"><\/textarea><\/span>\n\t\t<\/p>\n\t\t<p class=\"et_pb_contact_field et_pb_contact_field_last\">Adjunta el C.V. en formatos PDF o WORD (M\u00e1ximo 2 MB) <\/ br> <span class=\"wpcf7-form-control-wrap\" data-name=\"adjunto\"><input size=\"40\" class=\"wpcf7-form-control wpcf7-file\" accept=\".doc,.docx,.pdf\" aria-invalid=\"false\" type=\"file\" name=\"adjunto\" \/><\/span>\n\t\t<\/p>\n\t<\/div>\n<\/div>\n<p><span class=\"wpcf7-form-control-wrap\" data-name=\"protecciondatos\"><span class=\"wpcf7-form-control wpcf7-acceptance\"><span class=\"wpcf7-list-item\"><label><input type=\"checkbox\" name=\"protecciondatos\" value=\"1\" class=\"protect\" aria-invalid=\"false\" \/><span class=\"wpcf7-list-item-label\">He le\u00eddo y acepto la <a href=\"https:\/\/eohotels.es\/politica-de-privacidad\/\">pol\u00edtica de privacidad<\/a> de este sitio<\/span><\/label><\/span><\/span><\/span>\n<\/p>\n<div class=\"et_contact_bottom_container\">\n\t<p><input class=\"wpcf7-form-control wpcf7-submit has-spinner et_pb_contact_submit et_pb_button\" type=\"submit\" value=\"ENVIAR\" \/>\n\t<\/p>\n<\/div><div class=\"wpcf7-response-output\" aria-hidden=\"true\"><\/div>\n<\/form>\n<\/div>\n\n<p>[\/et_pb_text][\/et_pb_column][et_pb_column type=&#8221;2_5&#8243; _builder_version=&#8221;3.22.7&#8243;][et_pb_text _builder_version=&#8221;3.22.7&#8243; text_font=&#8221;||||||||&#8221; text_font_size=&#8221;12px&#8221; text_line_height=&#8221;1.3em&#8221;]<\/p>\n<p style=\"text-align: justify;\">Protecci\u00f3n de datos<\/p>\n<p style=\"text-align: justify;\">LEGITIMACI\u00d3N RESPUESTA RECEPCI\u00d3N DE CURRICULUM<\/p>\n<p style=\"text-align: justify;\">De conformidad con lo establecido en la Ley Org\u00e1nica 15\/1999, de 13 de diciembre de Protecci\u00f3n de Datos de Car\u00e1cter Personal, le informamos que sus datos de car\u00e1cter personal contenidos en el curriculum vitae que nos ha facilitado, pasar\u00e1n a formar parte de un fichero del que es responsable SOMOTUR, S.A. Este fichero, tiene como fin posibilitar los procesos de selecci\u00f3n de personal de la entidad responsable del fichero. Salvo oposici\u00f3n expresa y por escrito por su parte, como titular de los datos, acepta y consiente que estos puedan ser cedidos, para el mismo fin que establece la presente cl\u00e1usula. En cualquier caso, como titular de los datos facilitados, responder\u00e1 de la veracidad de los mismos, as\u00ed como de los da\u00f1os y perjuicios que se pudieran derivar o fueran ocasionados por facilitar datos falsos, incompletos, err\u00f3neos, inexactos, o no actualizados, reserv\u00e1ndose el titular del fichero, el derecho a excluir de los ficheros registrados, a todo titular de datos que no cumplan los criterios de calidad establecidos en La Ley Org\u00e1nica de Protecci\u00f3n de Datos de Car\u00e1cter Personal, sin perjuicio de las dem\u00e1s acciones que procedan en Derecho.<\/p>\n<p style=\"text-align: justify;\">Le informamos de sus derechos de acceso, rectificaci\u00f3n, cancelaci\u00f3n y oposici\u00f3n de los datos de car\u00e1cter personal facilitados, para cuyo ejercicio deber\u00e1 dirigirse por escrito al Dpto. de Recursos Humanos de SOMOTUR, S.A., con domicilio en Avenida de Moya n\u00ba6. 3\u00b0 local 143. CC Eurocenter. 35100. Playa del Ingl\u00e9s o bien en la direcci\u00f3n de correo electr\u00f3nico rrhh@eohotels.es<\/p>\n<p style=\"text-align: justify;\">Al enviar acepta la privacidad y protecci\u00f3n de datos.<\/p>\n<p>[\/et_pb_text][\/et_pb_column][\/et_pb_row][\/et_pb_section]<\/p>\n","protected":false},"excerpt":{"rendered":"<p>Work with us. If you want to be part of this project and join the e\u00f3 Hotels team, send us your CV. \n<div class=\"wpcf7 no-js\" id=\"wpcf7-f27596-o2\" lang=\"es-ES\" dir=\"ltr\" data-wpcf7-id=\"27596\">\n<div class=\"screen-reader-response\"><p role=\"status\" aria-live=\"polite\" aria-atomic=\"true\"><\/p> <ul><\/ul><\/div>\n<form action=\"\/en\/wp-json\/wp\/v2\/pages\/26553#wpcf7-f27596-o2\" method=\"post\" class=\"wpcf7-form init\" aria-label=\"Formulario de contacto\" enctype=\"multipart\/form-data\" novalidate=\"novalidate\" data-status=\"init\">\n<fieldset class=\"hidden-fields-container\"><input type=\"hidden\" name=\"_wpcf7\" value=\"27596\" \/><input type=\"hidden\" name=\"_wpcf7_version\" value=\"6.1.5\" \/><input type=\"hidden\" name=\"_wpcf7_locale\" value=\"es_ES\" \/><input type=\"hidden\" name=\"_wpcf7_unit_tag\" value=\"wpcf7-f27596-o2\" \/><input type=\"hidden\" name=\"_wpcf7_container_post\" value=\"0\" \/><input type=\"hidden\" name=\"_wpcf7_posted_data_hash\" value=\"\" \/>\n<\/fieldset>\n<div class=\"et_pb_contact\">\n\t<div class=\"et_pb_contact_form\">\n\t\t<p class=\"et_pb_contact_field et_pb_contact_field_half\"><span class=\"wpcf7-form-control-wrap\" data-name=\"Nombre\"><input size=\"40\" maxlength=\"400\" class=\"wpcf7-form-control wpcf7-text wpcf7-validates-as-required\" aria-required=\"true\" aria-invalid=\"false\" placeholder=\"NOMBRE*\" value=\"\" type=\"text\" name=\"Nombre\" \/><\/span>\n\t\t<\/p>\n\t\t<p class=\"et_pb_contact_field et_pb_contact_field_half et_pb_contact_field_last\"><span class=\"wpcf7-form-control-wrap\" data-name=\"Apellidos\"><input size=\"40\" maxlength=\"400\" class=\"wpcf7-form-control wpcf7-text\" aria-invalid=\"false\" placeholder=\"APELLIDOS\" value=\"\" type=\"text\" name=\"Apellidos\" \/><\/span>\n\t\t<\/p>\n\t\t<p class=\"et_pb_contact_field et_pb_contact_field_half\"><span class=\"wpcf7-form-control-wrap\" data-name=\"email\"><input size=\"40\" maxlength=\"400\" class=\"wpcf7-form-control wpcf7-email wpcf7-validates-as-required wpcf7-text wpcf7-validates-as-email\" aria-required=\"true\" aria-invalid=\"false\" placeholder=\"CORREO ELECTR\u00d3NICO*\" value=\"\" type=\"email\" name=\"email\" \/><\/span>\n\t\t<\/p>\n\t\t<p class=\"et_pb_contact_field et_pb_contact_field_half et_pb_contact_field_last\"><span class=\"wpcf7-form-control-wrap\" data-name=\"tel\"><input size=\"40\" maxlength=\"400\" class=\"wpcf7-form-control wpcf7-tel wpcf7-validates-as-required wpcf7-text wpcf7-validates-as-tel\" aria-required=\"true\" aria-invalid=\"false\" placeholder=\"TEL\u00c9FONO*\" value=\"\" type=\"tel\" name=\"tel\" \/><\/span>\n\t\t<\/p>\n\t\t<p class=\"et_pb_contact_field et_pb_contact_field_last\"><span class=\"wpcf7-form-control-wrap\" data-name=\"mensaje\"><textarea cols=\"40\" rows=\"10\" maxlength=\"2000\" class=\"wpcf7-form-control wpcf7-textarea wpcf7-validates-as-required\" aria-required=\"true\" aria-invalid=\"false\" placeholder=\"MENSAJE*\" name=\"mensaje\"><\/textarea><\/span>\n\t\t<\/p>\n\t\t<p class=\"et_pb_contact_field et_pb_contact_field_last\">Adjunta el C.V. en formatos PDF o WORD (M\u00e1ximo 2 MB) <\/ br> <span class=\"wpcf7-form-control-wrap\" data-name=\"adjunto\"><input size=\"40\" class=\"wpcf7-form-control wpcf7-file\" accept=\".doc,.docx,.pdf\" aria-invalid=\"false\" type=\"file\" name=\"adjunto\" \/><\/span>\n\t\t<\/p>\n\t<\/div>\n<\/div>\n<p><span class=\"wpcf7-form-control-wrap\" data-name=\"protecciondatos\"><span class=\"wpcf7-form-control wpcf7-acceptance\"><span class=\"wpcf7-list-item\"><label><input type=\"checkbox\" name=\"protecciondatos\" value=\"1\" class=\"protect\" aria-invalid=\"false\" \/><span class=\"wpcf7-list-item-label\">He le\u00eddo y acepto la <a href=\"https:\/\/eohotels.es\/politica-de-privacidad\/\">pol\u00edtica de privacidad<\/a> de este sitio<\/span><\/label><\/span><\/span><\/span>\n<\/p>\n<div class=\"et_contact_bottom_container\">\n\t<p><input class=\"wpcf7-form-control wpcf7-submit has-spinner et_pb_contact_submit et_pb_button\" type=\"submit\" value=\"ENVIAR\" \/>\n\t<\/p>\n<\/div><div class=\"wpcf7-response-output\" aria-hidden=\"true\"><\/div>\n<\/form>\n<\/div>\nProtecci\u00f3n de datos LEGITIMACI\u00d3N RESPUESTA RECEPCI\u00d3N DE CURRICULUM De conformidad con lo establecido en la Ley Org\u00e1nica 15\/1999, de 13 de diciembre de Protecci\u00f3n de Datos de Car\u00e1cter Personal, le [&hellip;]<\/p>\n","protected":false},"author":9,"featured_media":0,"parent":0,"menu_order":0,"comment_status":"closed","ping_status":"closed","template":"","meta":{"_acf_changed":false,"_et_pb_use_builder":"on","_et_pb_old_content":"","_et_gb_content_width":"","footnotes":""},"class_list":["post-26553","page","type-page","status-publish","hentry"],"acf":[],"yoast_head":"<!-- This site is optimized with the Yoast SEO plugin v27.1.1 - https:\/\/yoast.com\/product\/yoast-seo-wordpress\/ -->\n<title>Jobs - e\u00f3 Hotels Gran Canaria<\/title>\n<meta name=\"robots\" content=\"index, nofollow, max-snippet:-1, max-image-preview:large, max-video-preview:-1\" \/>\n<link rel=\"canonical\" href=\"https:\/\/eohotels.es\/en\/jobs\/\" \/>\n<meta property=\"og:locale\" content=\"en_US\" \/>\n<meta property=\"og:type\" content=\"article\" \/>\n<meta property=\"og:title\" content=\"Jobs - e\u00f3 Hotels Gran Canaria\" \/>\n<meta property=\"og:description\" content=\"Work with us. If you want to be part of this project and join the e\u00f3 Hotels team, send us your CV. Protecci\u00f3n de datos LEGITIMACI\u00d3N RESPUESTA RECEPCI\u00d3N DE CURRICULUM De conformidad con lo establecido en la Ley Org\u00e1nica 15\/1999, de 13 de diciembre de Protecci\u00f3n de Datos de Car\u00e1cter Personal, le [&hellip;]\" \/>\n<meta property=\"og:url\" content=\"https:\/\/eohotels.es\/en\/jobs\/\" \/>\n<meta property=\"og:site_name\" content=\"e\u00f3 Hotels Gran Canaria\" \/>\n<meta property=\"article:publisher\" content=\"https:\/\/www.facebook.com\/eoHotelsGranCanaria\" \/>\n<meta property=\"article:modified_time\" content=\"2019-05-10T17:11:57+00:00\" \/>\n<script type=\"application\/ld+json\" class=\"yoast-schema-graph\">{\"@context\":\"https:\/\/schema.org\",\"@graph\":[{\"@type\":\"WebPage\",\"@id\":\"https:\/\/eohotels.es\/en\/jobs\/\",\"url\":\"https:\/\/eohotels.es\/en\/jobs\/\",\"name\":\"Jobs - e\u00f3 Hotels Gran Canaria\",\"isPartOf\":{\"@id\":\"https:\/\/eohotels.es\/#website\"},\"datePublished\":\"2018-06-19T13:17:30+00:00\",\"dateModified\":\"2019-05-10T17:11:57+00:00\",\"breadcrumb\":{\"@id\":\"https:\/\/eohotels.es\/en\/jobs\/#breadcrumb\"},\"inLanguage\":\"en-US\",\"potentialAction\":[{\"@type\":\"ReadAction\",\"target\":[\"https:\/\/eohotels.es\/en\/jobs\/\"]}]},{\"@type\":\"BreadcrumbList\",\"@id\":\"https:\/\/eohotels.es\/en\/jobs\/#breadcrumb\",\"itemListElement\":[{\"@type\":\"ListItem\",\"position\":1,\"name\":\"Home\",\"item\":\"https:\/\/eohotels.es\/\"},{\"@type\":\"ListItem\",\"position\":2,\"name\":\"Jobs\"}]},{\"@type\":\"WebSite\",\"@id\":\"https:\/\/eohotels.es\/#website\",\"url\":\"https:\/\/eohotels.es\/\",\"name\":\"e\u00f3 Hotels Gran Canaria | P\u00e1gina Oficial hasta el 30% de descuento\",\"description\":\"Hotels &amp; Apartments in Gran Canaria\",\"publisher\":{\"@id\":\"https:\/\/eohotels.es\/#organization\"},\"alternateName\":\"eohotels\",\"potentialAction\":[{\"@type\":\"SearchAction\",\"target\":{\"@type\":\"EntryPoint\",\"urlTemplate\":\"https:\/\/eohotels.es\/?s={search_term_string}\"},\"query-input\":{\"@type\":\"PropertyValueSpecification\",\"valueRequired\":true,\"valueName\":\"search_term_string\"}}],\"inLanguage\":\"en-US\"},{\"@type\":\"Organization\",\"@id\":\"https:\/\/eohotels.es\/#organization\",\"name\":\"e\u00f3 Hotels Gran Canaria\",\"alternateName\":\"e\u00f3 Hotels\",\"url\":\"https:\/\/eohotels.es\/\",\"logo\":{\"@type\":\"ImageObject\",\"inLanguage\":\"en-US\",\"@id\":\"https:\/\/eohotels.es\/#\/schema\/logo\/image\/\",\"url\":\"https:\/\/eohotels.es\/wp-content\/uploads\/logo.jpg\",\"contentUrl\":\"https:\/\/eohotels.es\/wp-content\/uploads\/logo.jpg\",\"width\":86,\"height\":86,\"caption\":\"e\u00f3 Hotels Gran Canaria\"},\"image\":{\"@id\":\"https:\/\/eohotels.es\/#\/schema\/logo\/image\/\"},\"sameAs\":[\"https:\/\/www.facebook.com\/eoHotelsGranCanaria\",\"https:\/\/www.instagram.com\/eohotels\"]}]}<\/script>\n<!-- \/ Yoast SEO plugin. -->","yoast_head_json":{"title":"Jobs - e\u00f3 Hotels Gran Canaria","robots":{"index":"index","follow":"nofollow","max-snippet":"max-snippet:-1","max-image-preview":"max-image-preview:large","max-video-preview":"max-video-preview:-1"},"canonical":"https:\/\/eohotels.es\/en\/jobs\/","og_locale":"en_US","og_type":"article","og_title":"Jobs - e\u00f3 Hotels Gran Canaria","og_description":"Work with us. If you want to be part of this project and join the e\u00f3 Hotels team, send us your CV. Protecci\u00f3n de datos LEGITIMACI\u00d3N RESPUESTA RECEPCI\u00d3N DE CURRICULUM De conformidad con lo establecido en la Ley Org\u00e1nica 15\/1999, de 13 de diciembre de Protecci\u00f3n de Datos de Car\u00e1cter Personal, le [&hellip;]","og_url":"https:\/\/eohotels.es\/en\/jobs\/","og_site_name":"e\u00f3 Hotels Gran Canaria","article_publisher":"https:\/\/www.facebook.com\/eoHotelsGranCanaria","article_modified_time":"2019-05-10T17:11:57+00:00","schema":{"@context":"https:\/\/schema.org","@graph":[{"@type":"WebPage","@id":"https:\/\/eohotels.es\/en\/jobs\/","url":"https:\/\/eohotels.es\/en\/jobs\/","name":"Jobs - e\u00f3 Hotels Gran Canaria","isPartOf":{"@id":"https:\/\/eohotels.es\/#website"},"datePublished":"2018-06-19T13:17:30+00:00","dateModified":"2019-05-10T17:11:57+00:00","breadcrumb":{"@id":"https:\/\/eohotels.es\/en\/jobs\/#breadcrumb"},"inLanguage":"en-US","potentialAction":[{"@type":"ReadAction","target":["https:\/\/eohotels.es\/en\/jobs\/"]}]},{"@type":"BreadcrumbList","@id":"https:\/\/eohotels.es\/en\/jobs\/#breadcrumb","itemListElement":[{"@type":"ListItem","position":1,"name":"Home","item":"https:\/\/eohotels.es\/"},{"@type":"ListItem","position":2,"name":"Jobs"}]},{"@type":"WebSite","@id":"https:\/\/eohotels.es\/#website","url":"https:\/\/eohotels.es\/","name":"e\u00f3 Hotels Gran Canaria | P\u00e1gina Oficial hasta el 30% de descuento","description":"Hotels &amp; Apartments in Gran Canaria","publisher":{"@id":"https:\/\/eohotels.es\/#organization"},"alternateName":"eohotels","potentialAction":[{"@type":"SearchAction","target":{"@type":"EntryPoint","urlTemplate":"https:\/\/eohotels.es\/?s={search_term_string}"},"query-input":{"@type":"PropertyValueSpecification","valueRequired":true,"valueName":"search_term_string"}}],"inLanguage":"en-US"},{"@type":"Organization","@id":"https:\/\/eohotels.es\/#organization","name":"e\u00f3 Hotels Gran Canaria","alternateName":"e\u00f3 Hotels","url":"https:\/\/eohotels.es\/","logo":{"@type":"ImageObject","inLanguage":"en-US","@id":"https:\/\/eohotels.es\/#\/schema\/logo\/image\/","url":"https:\/\/eohotels.es\/wp-content\/uploads\/logo.jpg","contentUrl":"https:\/\/eohotels.es\/wp-content\/uploads\/logo.jpg","width":86,"height":86,"caption":"e\u00f3 Hotels Gran Canaria"},"image":{"@id":"https:\/\/eohotels.es\/#\/schema\/logo\/image\/"},"sameAs":["https:\/\/www.facebook.com\/eoHotelsGranCanaria","https:\/\/www.instagram.com\/eohotels"]}]}},"_links":{"self":[{"href":"https:\/\/eohotels.es\/en\/wp-json\/wp\/v2\/pages\/26553","targetHints":{"allow":["GET"]}}],"collection":[{"href":"https:\/\/eohotels.es\/en\/wp-json\/wp\/v2\/pages"}],"about":[{"href":"https:\/\/eohotels.es\/en\/wp-json\/wp\/v2\/types\/page"}],"author":[{"embeddable":true,"href":"https:\/\/eohotels.es\/en\/wp-json\/wp\/v2\/users\/9"}],"replies":[{"embeddable":true,"href":"https:\/\/eohotels.es\/en\/wp-json\/wp\/v2\/comments?post=26553"}],"version-history":[{"count":0,"href":"https:\/\/eohotels.es\/en\/wp-json\/wp\/v2\/pages\/26553\/revisions"}],"wp:attachment":[{"href":"https:\/\/eohotels.es\/en\/wp-json\/wp\/v2\/media?parent=26553"}],"curies":[{"name":"wp","href":"https:\/\/api.w.org\/{rel}","templated":true}]}}