{"id":26598,"date":"2018-06-20T09:00:11","date_gmt":"2018-06-20T09:00:11","guid":{"rendered":"https:\/\/eohotels.es\/contact\/"},"modified":"2023-07-04T09:29:34","modified_gmt":"2023-07-04T09:29:34","slug":"contact","status":"publish","type":"page","link":"https:\/\/eohotels.es\/en\/contact\/","title":{"rendered":"Contact"},"content":{"rendered":"<p>[et_pb_section fb_built=&#8221;1&#8243; _builder_version=&#8221;4.16&#8243; global_colors_info=&#8221;{}&#8221;][et_pb_row _builder_version=&#8221;3.22.5&#8243; global_module=&#8221;27472&#8243; saved_tabs=&#8221;all&#8221; global_colors_info=&#8221;{}&#8221; column_structure=&#8221;2_3,1_3&#8243;][et_pb_column type=&#8221;2_3&#8243; _builder_version=&#8221;4.16&#8243; custom_padding=&#8221;|||&#8221; global_colors_info=&#8221;{}&#8221; custom_padding__hover=&#8221;|||&#8221;][et_pb_contact_form email=&#8221;reservas@eohotels.es&#8221; title=&#8221;Please, fill up the form to get in contact with us.&#8221; custom_message=&#8221;Mensaje enviado desde FORMULARIO DE CONTACTO INGL\u00c9S  web Oficial e\u00f3 Hotels:||et_pb_line_break_holder||||et_pb_line_break_holder||Nombre: %%Name%%||et_pb_line_break_holder||Tel\u00e9fono: %%Telephone%%||et_pb_line_break_holder||Privacidad: %%Check%%||et_pb_line_break_holder||||et_pb_line_break_holder||Asunto: %%Message%%||et_pb_line_break_holder||||et_pb_line_break_holder||Email de contacto: %%Email%%||et_pb_line_break_holder||&#8221; submit_button_text=&#8221;SEND&#8221; _builder_version=&#8221;4.16&#8243; _unique_id=&#8221;485adb06-06fd-4a84-9176-04f51e9375ae&#8221; title_font=&#8221;||||||||&#8221; global_colors_info=&#8221;{}&#8221;][et_pb_contact_field field_id=&#8221;Name&#8221; field_title=&#8221;Your Name and surname&#8221; _builder_version=&#8221;4.16&#8243; global_colors_info=&#8221;{}&#8221; button_text_size__hover_enabled=&#8221;off&#8221; button_one_text_size__hover_enabled=&#8221;off&#8221; button_two_text_size__hover_enabled=&#8221;off&#8221; button_text_color__hover_enabled=&#8221;off&#8221; button_one_text_color__hover_enabled=&#8221;off&#8221; button_two_text_color__hover_enabled=&#8221;off&#8221; button_border_width__hover_enabled=&#8221;off&#8221; button_one_border_width__hover_enabled=&#8221;off&#8221; button_two_border_width__hover_enabled=&#8221;off&#8221; button_border_color__hover_enabled=&#8221;off&#8221; button_one_border_color__hover_enabled=&#8221;off&#8221; button_two_border_color__hover_enabled=&#8221;off&#8221; button_border_radius__hover_enabled=&#8221;off&#8221; button_one_border_radius__hover_enabled=&#8221;off&#8221; button_two_border_radius__hover_enabled=&#8221;off&#8221; button_letter_spacing__hover_enabled=&#8221;off&#8221; button_one_letter_spacing__hover_enabled=&#8221;off&#8221; button_two_letter_spacing__hover_enabled=&#8221;off&#8221; button_bg_color__hover_enabled=&#8221;off&#8221; button_one_bg_color__hover_enabled=&#8221;off&#8221; button_two_bg_color__hover_enabled=&#8221;off&#8221;][\/et_pb_contact_field][et_pb_contact_field field_id=&#8221;Telephone&#8221; field_title=&#8221;Your Telephone&#8221; required_mark=&#8221;off&#8221; _builder_version=&#8221;4.16&#8243; global_colors_info=&#8221;{}&#8221; button_text_size__hover_enabled=&#8221;off&#8221; button_one_text_size__hover_enabled=&#8221;off&#8221; button_two_text_size__hover_enabled=&#8221;off&#8221; button_text_color__hover_enabled=&#8221;off&#8221; button_one_text_color__hover_enabled=&#8221;off&#8221; button_two_text_color__hover_enabled=&#8221;off&#8221; button_border_width__hover_enabled=&#8221;off&#8221; button_one_border_width__hover_enabled=&#8221;off&#8221; button_two_border_width__hover_enabled=&#8221;off&#8221; button_border_color__hover_enabled=&#8221;off&#8221; button_one_border_color__hover_enabled=&#8221;off&#8221; button_two_border_color__hover_enabled=&#8221;off&#8221; button_border_radius__hover_enabled=&#8221;off&#8221; button_one_border_radius__hover_enabled=&#8221;off&#8221; button_two_border_radius__hover_enabled=&#8221;off&#8221; button_letter_spacing__hover_enabled=&#8221;off&#8221; button_one_letter_spacing__hover_enabled=&#8221;off&#8221; button_two_letter_spacing__hover_enabled=&#8221;off&#8221; button_bg_color__hover_enabled=&#8221;off&#8221; button_one_bg_color__hover_enabled=&#8221;off&#8221; button_two_bg_color__hover_enabled=&#8221;off&#8221;][\/et_pb_contact_field][et_pb_contact_field field_id=&#8221;Email&#8221; field_title=&#8221;Email Address&#8221; field_type=&#8221;email&#8221; _builder_version=&#8221;4.16&#8243; global_colors_info=&#8221;{}&#8221; button_text_size__hover_enabled=&#8221;off&#8221; button_one_text_size__hover_enabled=&#8221;off&#8221; button_two_text_size__hover_enabled=&#8221;off&#8221; button_text_color__hover_enabled=&#8221;off&#8221; button_one_text_color__hover_enabled=&#8221;off&#8221; button_two_text_color__hover_enabled=&#8221;off&#8221; button_border_width__hover_enabled=&#8221;off&#8221; button_one_border_width__hover_enabled=&#8221;off&#8221; button_two_border_width__hover_enabled=&#8221;off&#8221; button_border_color__hover_enabled=&#8221;off&#8221; button_one_border_color__hover_enabled=&#8221;off&#8221; button_two_border_color__hover_enabled=&#8221;off&#8221; button_border_radius__hover_enabled=&#8221;off&#8221; button_one_border_radius__hover_enabled=&#8221;off&#8221; button_two_border_radius__hover_enabled=&#8221;off&#8221; button_letter_spacing__hover_enabled=&#8221;off&#8221; button_one_letter_spacing__hover_enabled=&#8221;off&#8221; button_two_letter_spacing__hover_enabled=&#8221;off&#8221; button_bg_color__hover_enabled=&#8221;off&#8221; button_one_bg_color__hover_enabled=&#8221;off&#8221; button_two_bg_color__hover_enabled=&#8221;off&#8221;][\/et_pb_contact_field][et_pb_contact_field field_id=&#8221;Message&#8221; field_title=&#8221;Message&#8221; field_type=&#8221;text&#8221; fullwidth_field=&#8221;on&#8221; _builder_version=&#8221;4.16&#8243; global_colors_info=&#8221;{}&#8221; button_text_size__hover_enabled=&#8221;off&#8221; button_one_text_size__hover_enabled=&#8221;off&#8221; button_two_text_size__hover_enabled=&#8221;off&#8221; button_text_color__hover_enabled=&#8221;off&#8221; button_one_text_color__hover_enabled=&#8221;off&#8221; button_two_text_color__hover_enabled=&#8221;off&#8221; button_border_width__hover_enabled=&#8221;off&#8221; button_one_border_width__hover_enabled=&#8221;off&#8221; button_two_border_width__hover_enabled=&#8221;off&#8221; button_border_color__hover_enabled=&#8221;off&#8221; button_one_border_color__hover_enabled=&#8221;off&#8221; button_two_border_color__hover_enabled=&#8221;off&#8221; button_border_radius__hover_enabled=&#8221;off&#8221; button_one_border_radius__hover_enabled=&#8221;off&#8221; button_two_border_radius__hover_enabled=&#8221;off&#8221; button_letter_spacing__hover_enabled=&#8221;off&#8221; button_one_letter_spacing__hover_enabled=&#8221;off&#8221; button_two_letter_spacing__hover_enabled=&#8221;off&#8221; button_bg_color__hover_enabled=&#8221;off&#8221; button_one_bg_color__hover_enabled=&#8221;off&#8221; button_two_bg_color__hover_enabled=&#8221;off&#8221;][\/et_pb_contact_field][et_pb_contact_field field_id=&#8221;Check&#8221; field_title=&#8221; Privacy Policy&#8221; field_type=&#8221;checkbox&#8221; checkbox_options=&#8221;%91{%22value%22:%22The submission of this form implies acceptance of Privacy Policy.%22,%22checked%22:0,%22dragID%22:-1,%22link_text%22:%22%22,%22link_url%22:%22https:\/\/eohotels.es\/politica-de-privacidad\/%22}%93&#8243; fullwidth_field=&#8221;on&#8221; _builder_version=&#8221;4.16&#8243; global_colors_info=&#8221;{}&#8221;][\/et_pb_contact_field][\/et_pb_contact_form][\/et_pb_column][et_pb_column type=&#8221;1_3&#8243; _builder_version=&#8221;4.16&#8243; custom_padding=&#8221;|||&#8221; global_colors_info=&#8221;{}&#8221; custom_padding__hover=&#8221;|||&#8221;][et_pb_text _builder_version=&#8221;4.16&#8243; header_font=&#8221;||||||||&#8221; custom_margin=&#8221;67px||&#8221; global_colors_info=&#8221;{}&#8221;]<\/p>\n<p style=\"text-align: justify;\"><strong><span lang=\"ES\">R<\/span><\/strong><span lang=\"ES\"><strong>esponsable:<\/strong> SOMOTUR S.A. \u00a0NIF: A-35084235,\u00a0<\/span><span>e-mail: DPO@eohotels.es<\/span><br \/><span lang=\"ES\"><strong>Finalidad:\u00a0<\/strong><\/span><span>En el supuesto de prestar el consentimiento para ello, el env\u00edo de comunicaciones comerciales por parte de e\u00f3 Hotels.<\/span><br \/><span lang=\"ES\"><strong>Legitimaci\u00f3n:\u00a0<\/strong><\/span><span>La legitimaci\u00f3n para el tratamiento de sus datos personales ser\u00e1 la ejecuci\u00f3n del contrato entre las partes. En el caso del env\u00edo de comunicaciones comerciales, ser\u00e1 el consentimiento del titular.<\/span><br \/><span lang=\"ES\"><strong>Destinatarios:<\/strong><\/span><span>Empresas integradas o adheridas a e\u00f3 Hotels, todas dedicadas al sector hotelero, necesitar\u00e1n tener acceso a sus datos para la prestaci\u00f3n correcta de los servicios seleccionados.<\/span><br \/><span lang=\"ES\"><strong>Derechos:<\/strong>\u00a0Tiene derecho a acceder, rectificar y suprimir los datos, as\u00ed como otros derechos, como se explica en la informaci\u00f3n <a href=\"https:\/\/eohotels.es\/politica-de-privacidad\/\">adicional.<\/a><\/span><\/p>\n<p>[\/et_pb_text][\/et_pb_column][\/et_pb_row][\/et_pb_section]<\/p>\n","protected":false},"excerpt":{"rendered":"<p>Responsable: SOMOTUR S.A. \u00a0NIF: A-35084235,\u00a0e-mail: DPO@eohotels.esFinalidad:\u00a0En el supuesto de prestar el consentimiento para ello, el env\u00edo de comunicaciones comerciales por parte de e\u00f3 Hotels.Legitimaci\u00f3n:\u00a0La legitimaci\u00f3n para el tratamiento de sus datos personales ser\u00e1 la ejecuci\u00f3n del contrato entre las partes. En el caso del env\u00edo de comunicaciones comerciales, ser\u00e1 el consentimiento del titular.Destinatarios:Empresas integradas o [&hellip;]<\/p>\n","protected":false},"author":9,"featured_media":0,"parent":0,"menu_order":0,"comment_status":"closed","ping_status":"closed","template":"","meta":{"_acf_changed":false,"_et_pb_use_builder":"on","_et_pb_old_content":"","_et_gb_content_width":"","footnotes":""},"class_list":["post-26598","page","type-page","status-publish","hentry"],"acf":[],"yoast_head":"<!-- This site is optimized with the Yoast SEO plugin v27.1.1 - https:\/\/yoast.com\/product\/yoast-seo-wordpress\/ -->\n<title>Contact - e\u00f3 Hotels Gran Canaria<\/title>\n<meta name=\"robots\" content=\"index, follow, max-snippet:-1, max-image-preview:large, max-video-preview:-1\" \/>\n<link rel=\"canonical\" href=\"https:\/\/eohotels.es\/en\/contact\/\" \/>\n<meta property=\"og:locale\" content=\"en_US\" \/>\n<meta property=\"og:type\" content=\"article\" \/>\n<meta property=\"og:title\" content=\"Contact - e\u00f3 Hotels Gran Canaria\" \/>\n<meta property=\"og:description\" content=\"Responsable: SOMOTUR S.A. \u00a0NIF: A-35084235,\u00a0e-mail: DPO@eohotels.esFinalidad:\u00a0En el supuesto de prestar el consentimiento para ello, el env\u00edo de comunicaciones comerciales por parte de e\u00f3 Hotels.Legitimaci\u00f3n:\u00a0La legitimaci\u00f3n para el tratamiento de sus datos personales ser\u00e1 la ejecuci\u00f3n del contrato entre las partes. En el caso del env\u00edo de comunicaciones comerciales, ser\u00e1 el consentimiento del titular.Destinatarios:Empresas integradas o [&hellip;]\" \/>\n<meta property=\"og:url\" content=\"https:\/\/eohotels.es\/en\/contact\/\" \/>\n<meta property=\"og:site_name\" content=\"e\u00f3 Hotels Gran Canaria\" \/>\n<meta property=\"article:publisher\" content=\"https:\/\/www.facebook.com\/eoHotelsGranCanaria\" \/>\n<meta property=\"article:modified_time\" content=\"2023-07-04T09:29:34+00:00\" \/>\n<script type=\"application\/ld+json\" class=\"yoast-schema-graph\">{\"@context\":\"https:\/\/schema.org\",\"@graph\":[{\"@type\":\"WebPage\",\"@id\":\"https:\/\/eohotels.es\/en\/contact\/\",\"url\":\"https:\/\/eohotels.es\/en\/contact\/\",\"name\":\"Contact - e\u00f3 Hotels Gran Canaria\",\"isPartOf\":{\"@id\":\"https:\/\/eohotels.es\/#website\"},\"datePublished\":\"2018-06-20T09:00:11+00:00\",\"dateModified\":\"2023-07-04T09:29:34+00:00\",\"breadcrumb\":{\"@id\":\"https:\/\/eohotels.es\/en\/contact\/#breadcrumb\"},\"inLanguage\":\"en-US\",\"potentialAction\":[{\"@type\":\"ReadAction\",\"target\":[\"https:\/\/eohotels.es\/en\/contact\/\"]}]},{\"@type\":\"BreadcrumbList\",\"@id\":\"https:\/\/eohotels.es\/en\/contact\/#breadcrumb\",\"itemListElement\":[{\"@type\":\"ListItem\",\"position\":1,\"name\":\"Home\",\"item\":\"https:\/\/eohotels.es\/\"},{\"@type\":\"ListItem\",\"position\":2,\"name\":\"Contact\"}]},{\"@type\":\"WebSite\",\"@id\":\"https:\/\/eohotels.es\/#website\",\"url\":\"https:\/\/eohotels.es\/\",\"name\":\"e\u00f3 Hotels Gran Canaria | P\u00e1gina Oficial hasta el 30% de descuento\",\"description\":\"Hotels &amp; Apartments in Gran Canaria\",\"publisher\":{\"@id\":\"https:\/\/eohotels.es\/#organization\"},\"alternateName\":\"eohotels\",\"potentialAction\":[{\"@type\":\"SearchAction\",\"target\":{\"@type\":\"EntryPoint\",\"urlTemplate\":\"https:\/\/eohotels.es\/?s={search_term_string}\"},\"query-input\":{\"@type\":\"PropertyValueSpecification\",\"valueRequired\":true,\"valueName\":\"search_term_string\"}}],\"inLanguage\":\"en-US\"},{\"@type\":\"Organization\",\"@id\":\"https:\/\/eohotels.es\/#organization\",\"name\":\"e\u00f3 Hotels Gran Canaria\",\"alternateName\":\"e\u00f3 Hotels\",\"url\":\"https:\/\/eohotels.es\/\",\"logo\":{\"@type\":\"ImageObject\",\"inLanguage\":\"en-US\",\"@id\":\"https:\/\/eohotels.es\/#\/schema\/logo\/image\/\",\"url\":\"https:\/\/eohotels.es\/wp-content\/uploads\/logo.jpg\",\"contentUrl\":\"https:\/\/eohotels.es\/wp-content\/uploads\/logo.jpg\",\"width\":86,\"height\":86,\"caption\":\"e\u00f3 Hotels Gran Canaria\"},\"image\":{\"@id\":\"https:\/\/eohotels.es\/#\/schema\/logo\/image\/\"},\"sameAs\":[\"https:\/\/www.facebook.com\/eoHotelsGranCanaria\",\"https:\/\/www.instagram.com\/eohotels\"]}]}<\/script>\n<!-- \/ Yoast SEO plugin. -->","yoast_head_json":{"title":"Contact - e\u00f3 Hotels Gran Canaria","robots":{"index":"index","follow":"follow","max-snippet":"max-snippet:-1","max-image-preview":"max-image-preview:large","max-video-preview":"max-video-preview:-1"},"canonical":"https:\/\/eohotels.es\/en\/contact\/","og_locale":"en_US","og_type":"article","og_title":"Contact - e\u00f3 Hotels Gran Canaria","og_description":"Responsable: SOMOTUR S.A. \u00a0NIF: A-35084235,\u00a0e-mail: DPO@eohotels.esFinalidad:\u00a0En el supuesto de prestar el consentimiento para ello, el env\u00edo de comunicaciones comerciales por parte de e\u00f3 Hotels.Legitimaci\u00f3n:\u00a0La legitimaci\u00f3n para el tratamiento de sus datos personales ser\u00e1 la ejecuci\u00f3n del contrato entre las partes. En el caso del env\u00edo de comunicaciones comerciales, ser\u00e1 el consentimiento del titular.Destinatarios:Empresas integradas o [&hellip;]","og_url":"https:\/\/eohotels.es\/en\/contact\/","og_site_name":"e\u00f3 Hotels Gran Canaria","article_publisher":"https:\/\/www.facebook.com\/eoHotelsGranCanaria","article_modified_time":"2023-07-04T09:29:34+00:00","schema":{"@context":"https:\/\/schema.org","@graph":[{"@type":"WebPage","@id":"https:\/\/eohotels.es\/en\/contact\/","url":"https:\/\/eohotels.es\/en\/contact\/","name":"Contact - e\u00f3 Hotels Gran Canaria","isPartOf":{"@id":"https:\/\/eohotels.es\/#website"},"datePublished":"2018-06-20T09:00:11+00:00","dateModified":"2023-07-04T09:29:34+00:00","breadcrumb":{"@id":"https:\/\/eohotels.es\/en\/contact\/#breadcrumb"},"inLanguage":"en-US","potentialAction":[{"@type":"ReadAction","target":["https:\/\/eohotels.es\/en\/contact\/"]}]},{"@type":"BreadcrumbList","@id":"https:\/\/eohotels.es\/en\/contact\/#breadcrumb","itemListElement":[{"@type":"ListItem","position":1,"name":"Home","item":"https:\/\/eohotels.es\/"},{"@type":"ListItem","position":2,"name":"Contact"}]},{"@type":"WebSite","@id":"https:\/\/eohotels.es\/#website","url":"https:\/\/eohotels.es\/","name":"e\u00f3 Hotels Gran Canaria | P\u00e1gina Oficial hasta el 30% de descuento","description":"Hotels &amp; Apartments in Gran Canaria","publisher":{"@id":"https:\/\/eohotels.es\/#organization"},"alternateName":"eohotels","potentialAction":[{"@type":"SearchAction","target":{"@type":"EntryPoint","urlTemplate":"https:\/\/eohotels.es\/?s={search_term_string}"},"query-input":{"@type":"PropertyValueSpecification","valueRequired":true,"valueName":"search_term_string"}}],"inLanguage":"en-US"},{"@type":"Organization","@id":"https:\/\/eohotels.es\/#organization","name":"e\u00f3 Hotels Gran Canaria","alternateName":"e\u00f3 Hotels","url":"https:\/\/eohotels.es\/","logo":{"@type":"ImageObject","inLanguage":"en-US","@id":"https:\/\/eohotels.es\/#\/schema\/logo\/image\/","url":"https:\/\/eohotels.es\/wp-content\/uploads\/logo.jpg","contentUrl":"https:\/\/eohotels.es\/wp-content\/uploads\/logo.jpg","width":86,"height":86,"caption":"e\u00f3 Hotels Gran Canaria"},"image":{"@id":"https:\/\/eohotels.es\/#\/schema\/logo\/image\/"},"sameAs":["https:\/\/www.facebook.com\/eoHotelsGranCanaria","https:\/\/www.instagram.com\/eohotels"]}]}},"_links":{"self":[{"href":"https:\/\/eohotels.es\/en\/wp-json\/wp\/v2\/pages\/26598","targetHints":{"allow":["GET"]}}],"collection":[{"href":"https:\/\/eohotels.es\/en\/wp-json\/wp\/v2\/pages"}],"about":[{"href":"https:\/\/eohotels.es\/en\/wp-json\/wp\/v2\/types\/page"}],"author":[{"embeddable":true,"href":"https:\/\/eohotels.es\/en\/wp-json\/wp\/v2\/users\/9"}],"replies":[{"embeddable":true,"href":"https:\/\/eohotels.es\/en\/wp-json\/wp\/v2\/comments?post=26598"}],"version-history":[{"count":0,"href":"https:\/\/eohotels.es\/en\/wp-json\/wp\/v2\/pages\/26598\/revisions"}],"wp:attachment":[{"href":"https:\/\/eohotels.es\/en\/wp-json\/wp\/v2\/media?parent=26598"}],"curies":[{"name":"wp","href":"https:\/\/api.w.org\/{rel}","templated":true}]}}