{"id":26629,"date":"2018-06-20T10:54:30","date_gmt":"2018-06-20T10:54:30","guid":{"rendered":"https:\/\/eohotels.es\/privacy-policy\/"},"modified":"2018-06-20T10:54:36","modified_gmt":"2018-06-20T10:54:36","slug":"privacy-policy","status":"publish","type":"page","link":"https:\/\/eohotels.es\/en\/privacy-policy\/","title":{"rendered":"Privacy Policy"},"content":{"rendered":"<p>[et_pb_section fb_built=&#8221;1&#8243; admin_label=&#8221;section&#8221; _builder_version=&#8221;3.0.47&#8243;][et_pb_row admin_label=&#8221;row&#8221; _builder_version=&#8221;3.0.47&#8243; background_size=&#8221;initial&#8221; background_position=&#8221;top_left&#8221; background_repeat=&#8221;repeat&#8221;][et_pb_column type=&#8221;4_4&#8243; _builder_version=&#8221;3.0.47&#8243; parallax=&#8221;off&#8221; parallax_method=&#8221;on&#8221;][et_pb_text _builder_version=&#8221;3.2.1&#8243; background_size=&#8221;initial&#8221; background_position=&#8221;top_left&#8221; background_repeat=&#8221;repeat&#8221; use_border_color=&#8221;off&#8221;]<\/p>\n<h3><strong>T\u00c9RMINOS Y CONDICIONES RESERVAS<\/strong><\/h3>\n<h3><\/h3>\n<h3>PROTECCI\u00d3N DE DATOS<\/h3>\n<p>En el presente apartado se presenta la informaci\u00f3n sobre el tratamiento de sus datos en relaci\u00f3n con la realizaci\u00f3n de reservas.<\/p>\n<h3><\/h3>\n<h3>\u00bfQUI\u00c9N ES EL RESPONSABLE DEL TRATAMIENTO DE LOS DATOS DE LOS TITULARES?<\/h3>\n<p><strong>Identidad:<\/strong> SOMOTUR, S.A. (en adelante &#8220;eo Hotels&#8221;)<\/p>\n<p><strong>NIF:<\/strong> A-35084235<\/p>\n<p><strong>Domicilio:<\/strong> Avda. de Moya 6,3\u00ba local 143 &#8211; 35100 &#8211; Maspalomas &#8211; Espa\u00f1a<\/p>\n<p><strong>Delegado de Protecci\u00f3n de Datos (DPO):<\/strong> puede contactar con nuestro DPO a trav\u00e9s de los siguientes medios:<br \/> E-mail: DPO@eohotels.es<br \/> Direcci\u00f3n: Avda. de Moya 6,3\u00ba local 143 &#8211; 35100 &#8211; Maspalomas &#8211; Espa\u00f1a<br \/> Indicando en la referencia \u201cDelegado de Protecci\u00f3n de Datos\u201d.<\/p>\n<h3><\/h3>\n<h3>\u00bfCON QU\u00c9 FINALIDAD TRATAR\u00c1 e\u00f3 Hotels LOS DATOS PERSONALES DEL TITULAR Y DURANTE CU\u00c1NTO TIEMPO?<\/h3>\n<p>Le informamos que los datos facilitados por el Titular de la cuenta son tratados por e\u00f3 Hotels con las siguientes finalidades:<\/p>\n<ul>\n<li>Gestionar la realizaci\u00f3n de las reservas y\/o prereservas solicitadas por el usuario.<\/li>\n<li>Env\u00edo de la confirmaci\u00f3n o documentaci\u00f3n de la reserva realizada.<\/li>\n<li>En el supuesto de prestar el consentimiento para ello, el env\u00edo de comunicaciones comerciales por parte de e\u00f3 Hotels<\/li>\n<\/ul>\n<h3><\/h3>\n<h3>\u00bfQU\u00c9 DATOS DEL USUARIO TRATAR\u00c1 e\u00f3 Hotels?<\/h3>\n<p>Para la correcta prestaci\u00f3n de los servicios e\u00f3 Hotels tratar\u00e1 las siguientes categor\u00edas de datos:<\/p>\n<ul>\n<li>Datos identificativos: nombre, apellidos, nacionalidad.<\/li>\n<li>Datos de contacto: direcci\u00f3n de correo electr\u00f3nico, n\u00ba de tel\u00e9fono.<\/li>\n<li>Datos de transacci\u00f3n de bienes y servicios en e\u00f3 Hotels: Productos y servicios adquiridos o sobre los que muestres inter\u00e9s.<\/li>\n<li>Preferencias de estancia.<\/li>\n<li>Datos econ\u00f3micos, financiero y de seguros.<\/li>\n<li>Otros datos: datos facilitados por los propios interesados en los campos abiertos.<\/li>\n<\/ul>\n<p>Los datos solicitados al Titular son obligatorios para la correcta prestaci\u00f3n de los servicios y, por tanto, la negativa a suministrarlos supondr\u00e1 la imposibilidad de prestar los mismos. En aquellos casos en los que se soliciten datos que no sean obligatorios, se le indicar\u00e1 en el mismo formulario.<\/p>\n<p>En caso de que el usuario facilite datos de terceros, manifiesta contar con el consentimiento de los mismos y se compromete a trasladarle la informaci\u00f3n contenida en la Pol\u00edtica de Privacidad, eximiendo a e\u00f3 Hotels de cualquier responsabilidad en este sentido. No obstante, e\u00f3 Hotels podr\u00e1 llevar a cabo las verificaciones peri\u00f3dicas para constatar este hecho, adoptando las medidas de diligencia debida que correspondan, conforme a la normativa de protecci\u00f3n de datos.<\/p>\n<h3><\/h3>\n<h3><\/h3>\n<h3>\u00bfCU\u00c1L ES LA LEGITIMACI\u00d3N DEL TRATAMIENTO DE LOS DATOS DEL USUARIO?<\/h3>\n<p>La legitimaci\u00f3n para el tratamiento de sus datos personales ser\u00e1 la ejecuci\u00f3n del contrato entre las partes. En el caso del env\u00edo de comunicaciones comerciales, ser\u00e1 el consentimiento del titular.<\/p>\n<p>Los consentimientos obtenidos para las finalidades mencionadas son independientes por lo que el usuario podr\u00e1 revocar solo uno de ellos no afectando a los dem\u00e1s.<\/p>\n<p>Para revocar dicho consentimiento, el Usuario podr\u00e1 contactar con e\u00f3 Hotels a trav\u00e9s de los canales siguientes: <strong><a href=\"mailto:dpo@eohotels.es\">dpo@eohotels.es<\/a><\/strong><\/p>\n<h3><\/h3>\n<h3><\/h3>\n<h3>\u00bfCON QU\u00c9 DESTINATARIOS SE COMPARTIR\u00c1N LOS DATOS DEL USUARIO?<\/h3>\n<p>Los datos del usuario podr\u00e1n ser comunicados a:<\/p>\n<ul>\n<li>Empresas integradas o adheridas a e\u00f3 Hotels, todas dedicadas al sector hotelero, necesitar\u00e1n tener acceso a sus datos para la prestaci\u00f3n correcta de los servicios seleccionados.<\/li>\n<\/ul>\n<h3><\/h3>\n<h3><\/h3>\n<h3>TRANSFERENCIAS INTERNACIONALES DE DATOS<\/h3>\n<p>\u00a0Nuestra cadena no efect\u00faa transferencias internacionales de datos<\/p>\n<h3><\/h3>\n<h3><\/h3>\n<h3>CONSERVACI\u00d3N DE LOS DATOS<\/h3>\n<p>Los datos personales proporcionados se conservar\u00e1n durante la relaci\u00f3n contractual y, una vez finalizada la misma, durante el plazo de prescripci\u00f3n de las acciones legales que se puedan derivar de la misma.<\/p>\n<p>En relaci\u00f3n con los datos para el env\u00edo de comunicaciones comerciales, los datos se conservar\u00e1n en tanto en cuanto el usuario no revoque el consentimiento prestado No obstante, en caso de retirar su consentimiento, ello no afectar\u00e1 a la licitud de los tratamientos efectuados con anterioridad.<\/p>\n<h3><\/h3>\n<h3><\/h3>\n<h3>TRATAMIENTO DE DATOS DE TERCEROS<\/h3>\n<p>\u00a0En caso de que el Titular facilite, en cualquier momento, datos de terceros, manifiesta contar con el consentimiento de los mismos y se compromete a trasladarle la informaci\u00f3n contenida en esta cl\u00e1usula, as\u00ed como a informar a e\u00f3 Hotels de cualquier cambio o actualizaci\u00f3n relativa a los mismos.<\/p>\n<h3><\/h3>\n<h3><\/h3>\n<h3>DERECHOS DE LOS TITULARES EN RELACI\u00d3N CON SUS DATOS.<\/h3>\n<p>Puede ejercitar, mediante escrito dirigido a la direcci\u00f3n de correo electr\u00f3nico dpo@eohotels.es con la Referencia \u201cProtecci\u00f3n de Datos\u201d, adjuntando fotocopia de su documento de identidad, en cualquier momento y de manera gratuita, los siguientes derechos:<\/p>\n<ul>\n<li>Revocar su consentimiento para el procesamiento y la comunicaci\u00f3n de sus datos personales.<\/li>\n<li>Obtener informaci\u00f3n acerca de la existencia o no de tratamiento de sus datos personales.<\/li>\n<li>Acceder a sus datos personales.<\/li>\n<li>Rectificar los datos inexactos o incompletos.<\/li>\n<li>Solicitar la supresi\u00f3n de sus datos cuando, entre otros motivos, los datos ya no sean necesarios para los fines que fueron recogidos.<\/li>\n<li>Limitar el tratamiento de los datos cuando se cumpla alguna de las condiciones previstas en la normativa de protecci\u00f3n de datos.<\/li>\n<li>En determinadas circunstancias y por motivos relacionados con su situaci\u00f3n particular, los interesados podr\u00e1n oponerse al tratamiento de sus datos.<\/li>\n<li>Solicitar la portabilidad de sus datos.<\/li>\n<li>Reclamar ante la Agencia Espa\u00f1ola de Protecci\u00f3n de Datos, a trav\u00e9s de la siguiente direcci\u00f3n: Calle de Jorge Juan, 6, 28001 Madrid, cuando considere que el Responsable haya vulnerado los derechos que se le reconocen por la normativa de protecci\u00f3n de datos.<\/li>\n<\/ul>\n<p>&nbsp;<\/p>\n<p>El interesado podr\u00e1 contactar con el Delegado de Protecci\u00f3n de Datos del Responsable:<\/p>\n<p>E-mail: <strong><a href=\"mailto:DPO@eohotels.es\">DPO@eohotels.es<\/a><br \/><\/strong><span style=\"font-size: 14px;\">Direcci\u00f3n:<\/span><strong style=\"font-size: 14px;\"> Avda. de Moya 6, 3\u00ba, local 143 &#8211; 35100 Maspalomas &#8211; Espa\u00f1a<\/strong><\/p>\n<p>[\/et_pb_text][\/et_pb_column][\/et_pb_row][\/et_pb_section]<\/p>\n","protected":false},"excerpt":{"rendered":"<p>T\u00c9RMINOS Y CONDICIONES RESERVAS PROTECCI\u00d3N DE DATOS En el presente apartado se presenta la informaci\u00f3n sobre el tratamiento de sus datos en relaci\u00f3n con la realizaci\u00f3n de reservas. \u00bfQUI\u00c9N ES EL RESPONSABLE DEL TRATAMIENTO DE LOS DATOS DE LOS TITULARES? Identidad: SOMOTUR, S.A. (en adelante &#8220;eo Hotels&#8221;) NIF: A-35084235 Domicilio: Avda. de Moya 6,3\u00ba local [&hellip;]<\/p>\n","protected":false},"author":9,"featured_media":0,"parent":0,"menu_order":0,"comment_status":"closed","ping_status":"closed","template":"","meta":{"_acf_changed":false,"_et_pb_use_builder":"on","_et_pb_old_content":"","_et_gb_content_width":"","footnotes":""},"class_list":["post-26629","page","type-page","status-publish","hentry"],"acf":[],"yoast_head":"<!-- This site is optimized with the Yoast SEO plugin v27.1.1 - https:\/\/yoast.com\/product\/yoast-seo-wordpress\/ -->\n<title>Privacy Policy - e\u00f3 Hotels Gran Canaria<\/title>\n<meta name=\"robots\" content=\"index, nofollow, max-snippet:-1, max-image-preview:large, max-video-preview:-1\" \/>\n<link rel=\"canonical\" href=\"https:\/\/eohotels.es\/en\/privacy-policy\/\" \/>\n<meta property=\"og:locale\" content=\"en_US\" \/>\n<meta property=\"og:type\" content=\"article\" \/>\n<meta property=\"og:title\" content=\"Privacy Policy - e\u00f3 Hotels Gran Canaria\" \/>\n<meta property=\"og:description\" content=\"T\u00c9RMINOS Y CONDICIONES RESERVAS PROTECCI\u00d3N DE DATOS En el presente apartado se presenta la informaci\u00f3n sobre el tratamiento de sus datos en relaci\u00f3n con la realizaci\u00f3n de reservas. \u00bfQUI\u00c9N ES EL RESPONSABLE DEL TRATAMIENTO DE LOS DATOS DE LOS TITULARES? Identidad: SOMOTUR, S.A. (en adelante &quot;eo Hotels&quot;) NIF: A-35084235 Domicilio: Avda. de Moya 6,3\u00ba local [&hellip;]\" \/>\n<meta property=\"og:url\" content=\"https:\/\/eohotels.es\/en\/privacy-policy\/\" \/>\n<meta property=\"og:site_name\" content=\"e\u00f3 Hotels Gran Canaria\" \/>\n<meta property=\"article:publisher\" content=\"https:\/\/www.facebook.com\/eoHotelsGranCanaria\" \/>\n<meta property=\"article:modified_time\" content=\"2018-06-20T10:54:36+00:00\" \/>\n<script type=\"application\/ld+json\" class=\"yoast-schema-graph\">{\"@context\":\"https:\/\/schema.org\",\"@graph\":[{\"@type\":\"WebPage\",\"@id\":\"https:\/\/eohotels.es\/en\/privacy-policy\/\",\"url\":\"https:\/\/eohotels.es\/en\/privacy-policy\/\",\"name\":\"Privacy Policy - e\u00f3 Hotels Gran Canaria\",\"isPartOf\":{\"@id\":\"https:\/\/eohotels.es\/#website\"},\"datePublished\":\"2018-06-20T10:54:30+00:00\",\"dateModified\":\"2018-06-20T10:54:36+00:00\",\"breadcrumb\":{\"@id\":\"https:\/\/eohotels.es\/en\/privacy-policy\/#breadcrumb\"},\"inLanguage\":\"en-US\",\"potentialAction\":[{\"@type\":\"ReadAction\",\"target\":[\"https:\/\/eohotels.es\/en\/privacy-policy\/\"]}]},{\"@type\":\"BreadcrumbList\",\"@id\":\"https:\/\/eohotels.es\/en\/privacy-policy\/#breadcrumb\",\"itemListElement\":[{\"@type\":\"ListItem\",\"position\":1,\"name\":\"Home\",\"item\":\"https:\/\/eohotels.es\/\"},{\"@type\":\"ListItem\",\"position\":2,\"name\":\"Privacy Policy\"}]},{\"@type\":\"WebSite\",\"@id\":\"https:\/\/eohotels.es\/#website\",\"url\":\"https:\/\/eohotels.es\/\",\"name\":\"e\u00f3 Hotels Gran Canaria | P\u00e1gina Oficial hasta el 30% de descuento\",\"description\":\"Hotels &amp; Apartments in Gran Canaria\",\"publisher\":{\"@id\":\"https:\/\/eohotels.es\/#organization\"},\"alternateName\":\"eohotels\",\"potentialAction\":[{\"@type\":\"SearchAction\",\"target\":{\"@type\":\"EntryPoint\",\"urlTemplate\":\"https:\/\/eohotels.es\/?s={search_term_string}\"},\"query-input\":{\"@type\":\"PropertyValueSpecification\",\"valueRequired\":true,\"valueName\":\"search_term_string\"}}],\"inLanguage\":\"en-US\"},{\"@type\":\"Organization\",\"@id\":\"https:\/\/eohotels.es\/#organization\",\"name\":\"e\u00f3 Hotels Gran Canaria\",\"alternateName\":\"e\u00f3 Hotels\",\"url\":\"https:\/\/eohotels.es\/\",\"logo\":{\"@type\":\"ImageObject\",\"inLanguage\":\"en-US\",\"@id\":\"https:\/\/eohotels.es\/#\/schema\/logo\/image\/\",\"url\":\"https:\/\/eohotels.es\/wp-content\/uploads\/logo.jpg\",\"contentUrl\":\"https:\/\/eohotels.es\/wp-content\/uploads\/logo.jpg\",\"width\":86,\"height\":86,\"caption\":\"e\u00f3 Hotels Gran Canaria\"},\"image\":{\"@id\":\"https:\/\/eohotels.es\/#\/schema\/logo\/image\/\"},\"sameAs\":[\"https:\/\/www.facebook.com\/eoHotelsGranCanaria\",\"https:\/\/www.instagram.com\/eohotels\"]}]}<\/script>\n<!-- \/ Yoast SEO plugin. -->","yoast_head_json":{"title":"Privacy Policy - e\u00f3 Hotels Gran Canaria","robots":{"index":"index","follow":"nofollow","max-snippet":"max-snippet:-1","max-image-preview":"max-image-preview:large","max-video-preview":"max-video-preview:-1"},"canonical":"https:\/\/eohotels.es\/en\/privacy-policy\/","og_locale":"en_US","og_type":"article","og_title":"Privacy Policy - e\u00f3 Hotels Gran Canaria","og_description":"T\u00c9RMINOS Y CONDICIONES RESERVAS PROTECCI\u00d3N DE DATOS En el presente apartado se presenta la informaci\u00f3n sobre el tratamiento de sus datos en relaci\u00f3n con la realizaci\u00f3n de reservas. \u00bfQUI\u00c9N ES EL RESPONSABLE DEL TRATAMIENTO DE LOS DATOS DE LOS TITULARES? Identidad: SOMOTUR, S.A. (en adelante \"eo Hotels\") NIF: A-35084235 Domicilio: Avda. de Moya 6,3\u00ba local [&hellip;]","og_url":"https:\/\/eohotels.es\/en\/privacy-policy\/","og_site_name":"e\u00f3 Hotels Gran Canaria","article_publisher":"https:\/\/www.facebook.com\/eoHotelsGranCanaria","article_modified_time":"2018-06-20T10:54:36+00:00","schema":{"@context":"https:\/\/schema.org","@graph":[{"@type":"WebPage","@id":"https:\/\/eohotels.es\/en\/privacy-policy\/","url":"https:\/\/eohotels.es\/en\/privacy-policy\/","name":"Privacy Policy - e\u00f3 Hotels Gran Canaria","isPartOf":{"@id":"https:\/\/eohotels.es\/#website"},"datePublished":"2018-06-20T10:54:30+00:00","dateModified":"2018-06-20T10:54:36+00:00","breadcrumb":{"@id":"https:\/\/eohotels.es\/en\/privacy-policy\/#breadcrumb"},"inLanguage":"en-US","potentialAction":[{"@type":"ReadAction","target":["https:\/\/eohotels.es\/en\/privacy-policy\/"]}]},{"@type":"BreadcrumbList","@id":"https:\/\/eohotels.es\/en\/privacy-policy\/#breadcrumb","itemListElement":[{"@type":"ListItem","position":1,"name":"Home","item":"https:\/\/eohotels.es\/"},{"@type":"ListItem","position":2,"name":"Privacy Policy"}]},{"@type":"WebSite","@id":"https:\/\/eohotels.es\/#website","url":"https:\/\/eohotels.es\/","name":"e\u00f3 Hotels Gran Canaria | P\u00e1gina Oficial hasta el 30% de descuento","description":"Hotels &amp; Apartments in Gran Canaria","publisher":{"@id":"https:\/\/eohotels.es\/#organization"},"alternateName":"eohotels","potentialAction":[{"@type":"SearchAction","target":{"@type":"EntryPoint","urlTemplate":"https:\/\/eohotels.es\/?s={search_term_string}"},"query-input":{"@type":"PropertyValueSpecification","valueRequired":true,"valueName":"search_term_string"}}],"inLanguage":"en-US"},{"@type":"Organization","@id":"https:\/\/eohotels.es\/#organization","name":"e\u00f3 Hotels Gran Canaria","alternateName":"e\u00f3 Hotels","url":"https:\/\/eohotels.es\/","logo":{"@type":"ImageObject","inLanguage":"en-US","@id":"https:\/\/eohotels.es\/#\/schema\/logo\/image\/","url":"https:\/\/eohotels.es\/wp-content\/uploads\/logo.jpg","contentUrl":"https:\/\/eohotels.es\/wp-content\/uploads\/logo.jpg","width":86,"height":86,"caption":"e\u00f3 Hotels Gran Canaria"},"image":{"@id":"https:\/\/eohotels.es\/#\/schema\/logo\/image\/"},"sameAs":["https:\/\/www.facebook.com\/eoHotelsGranCanaria","https:\/\/www.instagram.com\/eohotels"]}]}},"_links":{"self":[{"href":"https:\/\/eohotels.es\/en\/wp-json\/wp\/v2\/pages\/26629","targetHints":{"allow":["GET"]}}],"collection":[{"href":"https:\/\/eohotels.es\/en\/wp-json\/wp\/v2\/pages"}],"about":[{"href":"https:\/\/eohotels.es\/en\/wp-json\/wp\/v2\/types\/page"}],"author":[{"embeddable":true,"href":"https:\/\/eohotels.es\/en\/wp-json\/wp\/v2\/users\/9"}],"replies":[{"embeddable":true,"href":"https:\/\/eohotels.es\/en\/wp-json\/wp\/v2\/comments?post=26629"}],"version-history":[{"count":0,"href":"https:\/\/eohotels.es\/en\/wp-json\/wp\/v2\/pages\/26629\/revisions"}],"wp:attachment":[{"href":"https:\/\/eohotels.es\/en\/wp-json\/wp\/v2\/media?parent=26629"}],"curies":[{"name":"wp","href":"https:\/\/api.w.org\/{rel}","templated":true}]}}